{"id":21,"date":"2021-02-04T16:50:00","date_gmt":"2021-02-04T14:50:00","guid":{"rendered":"http:\/\/www.steuerberater-glaeser.de\/?page_id=21"},"modified":"2021-09-21T17:07:06","modified_gmt":"2021-09-21T15:07:06","slug":"jahresabschluesse","status":"publish","type":"page","link":"https:\/\/www.steuerberater-glaeser.de\/?page_id=21","title":{"rendered":"Jahresabschl\u00fcsse \/ Steuererkl\u00e4rungen"},"content":{"rendered":"<p>Gerne \u00fcbernehmen wir f\u00fcr sie die Erstellung der folgenden Leistungen.<\/p>\n<table border=\"0\">\n<tbody>\n<tr>\n<td><img loading=\"lazy\" decoding=\"async\" class=\"alignleft wp-image-257 \" src=\"https:\/\/www.steuerberater-glaeser.de\/wp-content\/uploads\/2021\/09\/glaeser.jpg.jpeg\" alt=\"\" width=\"247\" height=\"185\" srcset=\"https:\/\/www.steuerberater-glaeser.de\/wp-content\/uploads\/2021\/09\/glaeser.jpg.jpeg 2016w, https:\/\/www.steuerberater-glaeser.de\/wp-content\/uploads\/2021\/09\/glaeser.jpg-300x225.jpeg 300w, https:\/\/www.steuerberater-glaeser.de\/wp-content\/uploads\/2021\/09\/glaeser.jpg-1024x768.jpeg 1024w, https:\/\/www.steuerberater-glaeser.de\/wp-content\/uploads\/2021\/09\/glaeser.jpg-768x576.jpeg 768w, https:\/\/www.steuerberater-glaeser.de\/wp-content\/uploads\/2021\/09\/glaeser.jpg-1536x1152.jpeg 1536w\" sizes=\"auto, (max-width: 247px) 100vw, 247px\" \/><\/td>\n<td><u>Steuererkl\u00e4rungen<\/u><\/p>\n<p>Einkommensteuer<br \/>\nK\u00f6rperschaftsteuer<br \/>\nGewerbesteuer<br \/>\nUmsatzsteuer<br \/>\ngesonderte und einheitliche Feststellung<br \/>\nErbschaftsteuer<\/td>\n<\/tr>\n<tr>\n<td><u>Jahresabschl\u00fcsse<\/u><\/p>\n<p>Bilanz<br \/>\nGewinn- und Verlustrechnung<br \/>\nEinnahme\u00fcberschussrechnung<br \/>\nErfolgsvergleiche, Anlageverzeichnisse<br \/>\nspezielle Bilanzen f\u00fcr die Hinterlegung im Handelsregister<\/td>\n<td><img loading=\"lazy\" decoding=\"async\" class=\"alignleft  wp-image-115\" src=\"https:\/\/www.steuerberater-glaeser.de\/wp-content\/uploads\/2013\/10\/P1080323.jpg\" alt=\"Umsatzsteuererkl\u00e4rung\" width=\"226\" height=\"169\" \/><\/td>\n<\/tr>\n<\/tbody>\n<\/table>\n<p><!-- START - DATEV E-CONTENT --><\/p>\n<div id=\"mym-insert-here-104823\"><\/div>\n<p><script src=\"https:\/\/www.datev-mymarketing.de\/onlineMedia\/code.js?ids=104823\"><\/script><\/p>\n","protected":false},"excerpt":{"rendered":"<p>Gerne \u00fcbernehmen wir f\u00fcr sie die Erstellung der folgenden Leistungen. Steuererkl\u00e4rungen Einkommensteuer K\u00f6rperschaftsteuer Gewerbesteuer Umsatzsteuer gesonderte und einheitliche Feststellung Erbschaftsteuer Jahresabschl\u00fcsse Bilanz Gewinn- und Verlustrechnung Einnahme\u00fcberschussrechnung Erfolgsvergleiche, Anlageverzeichnisse spezielle Bilanzen f\u00fcr die Hinterlegung im Handelsregister<\/p>\n","protected":false},"author":1,"featured_media":0,"parent":0,"menu_order":3,"comment_status":"open","ping_status":"open","template":"","meta":{"footnotes":""},"class_list":["post-21","page","type-page","status-publish","hentry"],"_links":{"self":[{"href":"https:\/\/www.steuerberater-glaeser.de\/index.php?rest_route=\/wp\/v2\/pages\/21","targetHints":{"allow":["GET"]}}],"collection":[{"href":"https:\/\/www.steuerberater-glaeser.de\/index.php?rest_route=\/wp\/v2\/pages"}],"about":[{"href":"https:\/\/www.steuerberater-glaeser.de\/index.php?rest_route=\/wp\/v2\/types\/page"}],"author":[{"embeddable":true,"href":"https:\/\/www.steuerberater-glaeser.de\/index.php?rest_route=\/wp\/v2\/users\/1"}],"replies":[{"embeddable":true,"href":"https:\/\/www.steuerberater-glaeser.de\/index.php?rest_route=%2Fwp%2Fv2%2Fcomments&post=21"}],"version-history":[{"count":25,"href":"https:\/\/www.steuerberater-glaeser.de\/index.php?rest_route=\/wp\/v2\/pages\/21\/revisions"}],"predecessor-version":[{"id":281,"href":"https:\/\/www.steuerberater-glaeser.de\/index.php?rest_route=\/wp\/v2\/pages\/21\/revisions\/281"}],"wp:attachment":[{"href":"https:\/\/www.steuerberater-glaeser.de\/index.php?rest_route=%2Fwp%2Fv2%2Fmedia&parent=21"}],"curies":[{"name":"wp","href":"https:\/\/api.w.org\/{rel}","templated":true}]}}