{"id":55,"date":"2021-02-04T11:05:00","date_gmt":"2021-02-04T09:05:00","guid":{"rendered":"http:\/\/www.steuerberater-glaeser.de\/?page_id=55"},"modified":"2021-02-04T18:55:42","modified_gmt":"2021-02-04T16:55:42","slug":"kontaktanfahrt","status":"publish","type":"page","link":"https:\/\/www.steuerberater-glaeser.de\/?page_id=55","title":{"rendered":"Kontakt"},"content":{"rendered":"<p>Steuerberater Jens Glaeser<br \/>\nKleine M\u00e4rkerstra\u00dfe 10 (bis 2020 Sternstra\u00dfe 13)<br \/>\n06108 Halle\/Saale<br \/>\npostfach@steuerberater-glaeser.de<\/p>\n<h3>Emailkontaktformular<\/h3>\n<p>\n<div class=\"wpcf7 no-js\" id=\"wpcf7-f86-o1\" lang=\"de-DE\" dir=\"ltr\" data-wpcf7-id=\"86\">\n<div class=\"screen-reader-response\"><p role=\"status\" aria-live=\"polite\" aria-atomic=\"true\"><\/p> <ul><\/ul><\/div>\n<form action=\"\/index.php?rest_route=%2Fwp%2Fv2%2Fpages%2F55#wpcf7-f86-o1\" method=\"post\" class=\"wpcf7-form init\" aria-label=\"Kontaktformular\" novalidate=\"novalidate\" data-status=\"init\">\n<fieldset class=\"hidden-fields-container\"><input type=\"hidden\" name=\"_wpcf7\" value=\"86\" \/><input type=\"hidden\" name=\"_wpcf7_version\" value=\"6.1\" \/><input type=\"hidden\" name=\"_wpcf7_locale\" value=\"de_DE\" \/><input type=\"hidden\" name=\"_wpcf7_unit_tag\" value=\"wpcf7-f86-o1\" \/><input type=\"hidden\" name=\"_wpcf7_container_post\" value=\"0\" \/><input type=\"hidden\" name=\"_wpcf7_posted_data_hash\" value=\"\" \/>\n<\/fieldset>\n<p>Ihr Name (Pflichtfeld)\n<\/p>\n<p><span class=\"wpcf7-form-control-wrap\" data-name=\"your-name\"><input size=\"40\" maxlength=\"400\" class=\"wpcf7-form-control wpcf7-text wpcf7-validates-as-required\" aria-required=\"true\" aria-invalid=\"false\" value=\"\" type=\"text\" name=\"your-name\" \/><\/span>\n<\/p>\n<p>Ihre E-Mail-Adresse (Pflichtfeld)\n<\/p>\n<p><span class=\"wpcf7-form-control-wrap\" data-name=\"your-email\"><input size=\"40\" maxlength=\"400\" class=\"wpcf7-form-control wpcf7-email wpcf7-validates-as-required wpcf7-text wpcf7-validates-as-email\" aria-required=\"true\" aria-invalid=\"false\" value=\"\" type=\"email\" name=\"your-email\" \/><\/span>\n<\/p>\n<p>Betreff\n<\/p>\n<p><span class=\"wpcf7-form-control-wrap\" data-name=\"your-subject\"><input size=\"40\" maxlength=\"400\" class=\"wpcf7-form-control wpcf7-text\" aria-invalid=\"false\" value=\"\" type=\"text\" name=\"your-subject\" \/><\/span>\n<\/p>\n<p>Ihre Nachricht\n<\/p>\n<p><span class=\"wpcf7-form-control-wrap\" data-name=\"your-message\"><textarea cols=\"40\" rows=\"10\" maxlength=\"2000\" class=\"wpcf7-form-control wpcf7-textarea\" aria-invalid=\"false\" name=\"your-message\"><\/textarea><\/span>\n<\/p>\n<p><input class=\"wpcf7-form-control wpcf7-submit has-spinner\" type=\"submit\" value=\"Senden\" \/>\n<\/p><div class=\"wpcf7-response-output\" aria-hidden=\"true\"><\/div>\n<\/form>\n<\/div>\n*<\/p>\n<p style=\"text-align: left;\">Unsere Kanzlei ist mitten in der Altstadt von Halle gelegen. Die Zufahrt erfolgt \u00fcber den Waisenhausring. In begrenztem Umfang stehen Parkpl\u00e4tze in der N\u00e4he der Kanzlei zur Verf\u00fcgung.<\/p>\n<p><iframe loading=\"lazy\" style=\"border: 0;\" tabindex=\"0\" src=\"https:\/\/www.google.com\/maps\/embed?pb=!1m18!1m12!1m3!1d5909.657691116167!2d11.967128580231634!3d51.48192927321649!2m3!1f0!2f0!3f0!3m2!1i1024!2i768!4f13.1!3m3!1m2!1s0x47a6634e45c1e25f%3A0x1a2b0f0acf965b0a!2sKleine%20M%C3%A4rkerstra%C3%9Fe%2010%2C%2006108%20Halle%20(Saale)!5e0!3m2!1sde!2sde!4v1609284764905!5m2!1sde!2sde\" allowfullscreen=\"allowfullscreen\" aria-hidden=\"false\" width=\"600\" height=\"450\" frameborder=\"0\"><\/iframe><br \/>\n<small><a style=\"color: #0000ff; text-align: left;\" href=\"https:\/\/goo.gl\/maps\/Ls1eJDiXkHJS2ssJ7\">Gr\u00f6\u00dfere Kartenansicht<\/a><\/small><\/p>\n<p>Zudem erreichen Sie uns bequem mit der Stra\u00dfenbahn von den Haltestellen Marktplatz.<\/p>\n","protected":false},"excerpt":{"rendered":"<p>Steuerberater Jens Glaeser Kleine M\u00e4rkerstra\u00dfe 10 (bis 2020 Sternstra\u00dfe 13) 06108 Halle\/Saale postfach@steuerberater-glaeser.de Emailkontaktformular * Unsere Kanzlei ist mitten in der Altstadt von Halle gelegen. Die Zufahrt erfolgt \u00fcber den Waisenhausring. In begrenztem Umfang stehen Parkpl\u00e4tze in der N\u00e4he der Kanzlei zur Verf\u00fcgung. Gr\u00f6\u00dfere Kartenansicht Zudem erreichen Sie uns bequem mit der Stra\u00dfenbahn von den [&hellip;]<\/p>\n","protected":false},"author":1,"featured_media":0,"parent":8,"menu_order":0,"comment_status":"open","ping_status":"open","template":"","meta":{"footnotes":""},"class_list":["post-55","page","type-page","status-publish","hentry"],"_links":{"self":[{"href":"https:\/\/www.steuerberater-glaeser.de\/index.php?rest_route=\/wp\/v2\/pages\/55","targetHints":{"allow":["GET"]}}],"collection":[{"href":"https:\/\/www.steuerberater-glaeser.de\/index.php?rest_route=\/wp\/v2\/pages"}],"about":[{"href":"https:\/\/www.steuerberater-glaeser.de\/index.php?rest_route=\/wp\/v2\/types\/page"}],"author":[{"embeddable":true,"href":"https:\/\/www.steuerberater-glaeser.de\/index.php?rest_route=\/wp\/v2\/users\/1"}],"replies":[{"embeddable":true,"href":"https:\/\/www.steuerberater-glaeser.de\/index.php?rest_route=%2Fwp%2Fv2%2Fcomments&post=55"}],"version-history":[{"count":20,"href":"https:\/\/www.steuerberater-glaeser.de\/index.php?rest_route=\/wp\/v2\/pages\/55\/revisions"}],"predecessor-version":[{"id":241,"href":"https:\/\/www.steuerberater-glaeser.de\/index.php?rest_route=\/wp\/v2\/pages\/55\/revisions\/241"}],"up":[{"embeddable":true,"href":"https:\/\/www.steuerberater-glaeser.de\/index.php?rest_route=\/wp\/v2\/pages\/8"}],"wp:attachment":[{"href":"https:\/\/www.steuerberater-glaeser.de\/index.php?rest_route=%2Fwp%2Fv2%2Fmedia&parent=55"}],"curies":[{"name":"wp","href":"https:\/\/api.w.org\/{rel}","templated":true}]}}